{"id":259,"date":"2021-07-15T06:20:18","date_gmt":"2021-07-15T04:20:18","guid":{"rendered":"http:\/\/www.thaimeansfree.com\/?page_id=259"},"modified":"2025-03-03T11:47:20","modified_gmt":"2025-03-03T10:47:20","slug":"gutegeschichten","status":"publish","type":"page","link":"https:\/\/www.thaimeansfree.com\/?page_id=259","title":{"rendered":"Gute Geschichten"},"content":{"rendered":"\n<p>In den letzten Monaten hat Gott viel getan. Hier ein paar Highlights: <\/p>\n\n\n\n<p><strong>Seminar Innere Heilung 2024<\/strong><br>Im Januar 2024 konnten wir das erste Mal ein Seminar f\u00fcr innere Heilung in unserer Kirche veranstalten. Viele Menschen sind Gott neu begegnet und konnten inneren Balast ablegen und neue Leichtigkeit empfangen. Hier ein paar Eindr\u00fccke aus der Gemeinde in S\u00fcdthailand und von unserem Besuch bei thail\u00e4ndischen Gl\u00e4ubigen in Malaysia <br><br><a href=\"https:\/\/youtube.com\/shorts\/SMJbdSzYvCo\">Heilung<\/a><br><a href=\"https:\/\/youtube.com\/shorts\/DQWGmOCR9kU?feature=share\">Zeugnis aus Malaysia<\/a> <br><a href=\"https:\/\/youtube.com\/shorts\/V1K6__J-Nrk?feature=share\">Sichtweise der leitenden Pastorin vor Ort<\/a> <br><\/p>\n\n\n\n<p><strong>Erneuerung &#8211; Okt  2023<\/strong><br>In den letzten Monaten durften wir  drei Familien in der Familie Gottes willkommen hei\u00dfen. Sie hatten durch  den Englischunterricht von Jesus geh\u00f6rt und sich dann entschieden, ihr  Leben mit ihm zu verbringen. Besonders ber\u00fchrt hat mich Noms Zeugnis.  Sie ist alleinerziehend und kam mit ihrem neunj\u00e4hrigen Sohn nicht mehr  klar. Es ging so weit, dass sie sogar \u00fcber Selbstmord nachdachte, da sie  keinen Ausweg mehr wusste. Als die beiden Jesus in ihr Leben  eingeluden, hat sich ihr Leben radikal ver\u00e4ndert. Noch am selben Abend  hat Noms Sohn das erste Mal freiwillig den Abwasch gemacht. Das ist f\u00fcr  sie ein echtes Wunder. Nom hat neue Hoffnung und Freude gefunden und  Gott bewirkt eine sp\u00fcrbare Ver\u00e4nderung im Leben der beiden. <\/p>\n\n\n<div class=\"wp-block-image\">\n<figure class=\"aligncenter\"><img loading=\"lazy\" decoding=\"async\" width=\"300\" height=\"225\" src=\"http:\/\/www.thaimeansfree.com\/wp-content\/uploads\/2023\/12\/WhatsApp-Image-2023-07-25-at-11.59.53-300x225.jpeg\" alt=\"\" class=\"wp-image-320\" srcset=\"https:\/\/www.thaimeansfree.com\/wp-content\/uploads\/2023\/12\/WhatsApp-Image-2023-07-25-at-11.59.53-300x225.jpeg 300w, https:\/\/www.thaimeansfree.com\/wp-content\/uploads\/2023\/12\/WhatsApp-Image-2023-07-25-at-11.59.53-768x576.jpeg 768w, https:\/\/www.thaimeansfree.com\/wp-content\/uploads\/2023\/12\/WhatsApp-Image-2023-07-25-at-11.59.53-1024x768.jpeg 1024w, https:\/\/www.thaimeansfree.com\/wp-content\/uploads\/2023\/12\/WhatsApp-Image-2023-07-25-at-11.59.53-360x270.jpeg 360w, https:\/\/www.thaimeansfree.com\/wp-content\/uploads\/2023\/12\/WhatsApp-Image-2023-07-25-at-11.59.53.jpeg 1479w\" sizes=\"(max-width: 300px) 100vw, 300px\" \/><\/figure><\/div>\n\n\n<p><strong>Alle Schuld bezahlt &#8211; August  2023<\/strong><br>Eine Gro\u00dfmutter brachte seit ein paar Wochen ihre beiden Enkel zu uns in den w\u00f6chentlichen Englischunterricht. Ihre Tochter arbeitet als Prostituierte im Ausland und so ist es an ihr, die Enkelkinder zu versorgen. Als wir sie kennenlernten, war sie hochverschuldet und hatte Schulden bei Mafiabossen, die horrende Zinsen t\u00e4glich einforderten. Sie versuchte zu arbeiten, wurde aber immer wieder betrogen. Die Menschen in ihrem Umfeld wussten um ihre Situation und viele mieden sie, weil sie ihr kein Geld leihen wollten.  Auch als sie zu uns kam, war die erste Reaktion einiger Gl\u00e4ubiger skeptische Distanz. Kurz darauf entschied sie sich f\u00fcr Jesus und wir konnten sehen, wie sich ihr Leben langsam ver\u00e4nderte. Sie begann zu arbeiten und konnte Schritt f\u00fcr Schritt einzelne Schuldner bezahlen. Wir halfen ihr, nicht mehr auf Betr\u00fcgereien reinzufallen und ihr Umfeld \u00f6ffnete sich ihr mehr. Heute ist sie ein enthusiastisches Mitglied der Gemeinde und bringt andere zum Glauben. Betet gerne mit f\u00fcr ihre Tochter im Ausland.<\/p>\n\n\n<div class=\"wp-block-image\">\n<figure class=\"aligncenter\"><img loading=\"lazy\" decoding=\"async\" width=\"300\" height=\"225\" src=\"http:\/\/www.thaimeansfree.com\/wp-content\/uploads\/2023\/12\/neueneu-300x225.jpg\" alt=\"\" class=\"wp-image-324\" srcset=\"https:\/\/www.thaimeansfree.com\/wp-content\/uploads\/2023\/12\/neueneu-300x225.jpg 300w, https:\/\/www.thaimeansfree.com\/wp-content\/uploads\/2023\/12\/neueneu-768x576.jpg 768w, https:\/\/www.thaimeansfree.com\/wp-content\/uploads\/2023\/12\/neueneu-1024x768.jpg 1024w, https:\/\/www.thaimeansfree.com\/wp-content\/uploads\/2023\/12\/neueneu-360x270.jpg 360w, https:\/\/www.thaimeansfree.com\/wp-content\/uploads\/2023\/12\/neueneu.jpg 1280w\" sizes=\"(max-width: 300px) 100vw, 300px\" \/><\/figure><\/div>\n\n<p><!--EndFragment--><\/p>\n\n\n<p><br><\/p>\n","protected":false},"excerpt":{"rendered":"<p>In den letzten Monaten hat Gott viel getan. Hier ein paar Highlights: Seminar Innere Heilung 2024Im Januar 2024 konnten wir das erste Mal ein Seminar f\u00fcr innere Heilung in unserer Kirche veranstalten. Viele Menschen sind Gott neu begegnet und konnten inneren Balast ablegen und neue Leichtigkeit empfangen. Hier ein paar Eindr\u00fccke aus der Gemeinde in S\u00fcdthailand und von unserem Besuch bei thail\u00e4ndischen Gl\u00e4ubigen in Malaysia HeilungZeugnis aus Malaysia Sichtweise der leitenden Pastorin vor Ort Erneuerung &#8211; Okt 2023In den letzten&#8230;<\/p>\n<p class=\"read-more\"><a class=\"btn btn-default\" href=\"https:\/\/www.thaimeansfree.com\/?page_id=259\">Weiterlesen<span class=\"screen-reader-text\"> Weiterlesen<\/span><\/a><\/p>\n","protected":false},"author":1,"featured_media":0,"parent":0,"menu_order":0,"comment_status":"closed","ping_status":"closed","template":"","meta":{"content-type":"","footnotes":""},"_links":{"self":[{"href":"https:\/\/www.thaimeansfree.com\/index.php?rest_route=\/wp\/v2\/pages\/259"}],"collection":[{"href":"https:\/\/www.thaimeansfree.com\/index.php?rest_route=\/wp\/v2\/pages"}],"about":[{"href":"https:\/\/www.thaimeansfree.com\/index.php?rest_route=\/wp\/v2\/types\/page"}],"author":[{"embeddable":true,"href":"https:\/\/www.thaimeansfree.com\/index.php?rest_route=\/wp\/v2\/users\/1"}],"replies":[{"embeddable":true,"href":"https:\/\/www.thaimeansfree.com\/index.php?rest_route=%2Fwp%2Fv2%2Fcomments&post=259"}],"version-history":[{"count":6,"href":"https:\/\/www.thaimeansfree.com\/index.php?rest_route=\/wp\/v2\/pages\/259\/revisions"}],"predecessor-version":[{"id":395,"href":"https:\/\/www.thaimeansfree.com\/index.php?rest_route=\/wp\/v2\/pages\/259\/revisions\/395"}],"wp:attachment":[{"href":"https:\/\/www.thaimeansfree.com\/index.php?rest_route=%2Fwp%2Fv2%2Fmedia&parent=259"}],"curies":[{"name":"wp","href":"https:\/\/api.w.org\/{rel}","templated":true}]}}