{"id":8,"date":"2019-08-26T14:55:57","date_gmt":"2019-08-26T12:55:57","guid":{"rendered":"http:\/\/www.thaimeansfree.com\/?page_id=8"},"modified":"2025-03-03T11:49:37","modified_gmt":"2025-03-03T10:49:37","slug":"startseite","status":"publish","type":"page","link":"https:\/\/www.thaimeansfree.com\/","title":{"rendered":"Was wir tun"},"content":{"rendered":"<p style=\"text-align: left;\"><span class=\"jsx-970256932 t2e thai t2e_highlight \">Mein Name ist Ina M\u00fcller und ich bin ausgebildete Lehrerin. Ich wurde von der VM-International als Missionarin ausgesandt. Ich arbeite im Team mit der lokalen Partnerstiftung &#8222;PenAsia&#8220; im S\u00fcden Thailands an der Grenze zu Malaysia.<br \/><\/span><\/p>\n<p style=\"text-align: left;\"><span class=\"jsx-970256932 t2e thai t2e_highlight \">Der Schwerpunkt meiner Arbeit ist Menschen in ihren N\u00f6ten, Bed\u00fcrfnissen und Potential zu begegnen und ihnen Jesus vorzustellen. Ich begleite Frauen in schwierigen Verh\u00e4tlnissen und\u00a0 gebe jede Woche Englischunterricht f\u00fcr benachteiligte Kinder. Dar\u00fcberhinaus machen wir Pr\u00e4ventionsprojekte in Schulen, um sexuellen Missbrauch und Menschenhandel zu verhindern. <span class=\"OYPEnA text-decoration-none text-strikethrough-none\"> Wir begegnen den Menschen mit Liebe, wo sie gerade stehen, st\u00e4rken sie in ihren Ressourcen und erleben immer wieder, dass Gott Leben um 180\u00b0 ver\u00e4ndert.<\/span><br \/><\/span><\/p>\n<p><a href=\"http:\/\/www.thaimeansfree.com\/?page_id=259\" target=\"_blank\" rel=\"noopener\"><em>Hier<\/em><\/a><em>\u00a0es zu den guten Geschichten, die in unserer Arbeit aktuell passieren<\/em><em>.<\/em><\/p>\n\n\n<figure class=\"wp-block-image\"><img loading=\"lazy\" decoding=\"async\" width=\"1024\" height=\"512\" src=\"http:\/\/www.thaimeansfree.com\/wp-content\/uploads\/2023\/12\/kkk-1024x512.jpg\" alt=\"\" class=\"wp-image-302\" srcset=\"https:\/\/www.thaimeansfree.com\/wp-content\/uploads\/2023\/12\/kkk-1024x512.jpg 1024w, https:\/\/www.thaimeansfree.com\/wp-content\/uploads\/2023\/12\/kkk-300x150.jpg 300w, https:\/\/www.thaimeansfree.com\/wp-content\/uploads\/2023\/12\/kkk-768x384.jpg 768w, https:\/\/www.thaimeansfree.com\/wp-content\/uploads\/2023\/12\/kkk-540x270.jpg 540w\" sizes=\"(max-width: 1024px) 100vw, 1024px\" \/><\/figure>\n\n\n<div class=\"wp-block-image is-resized\">\n<figure class=\"aligncenter\"><img loading=\"lazy\" decoding=\"async\" width=\"1024\" height=\"678\" src=\"http:\/\/www.thaimeansfree.com\/wp-content\/uploads\/2019\/11\/Logo-VM-International-bisher-Velberter-Mission-farbig-1-1024x678.png\" alt=\"\" class=\"wp-image-247\" style=\"width:338px;height:auto\" srcset=\"https:\/\/www.thaimeansfree.com\/wp-content\/uploads\/2019\/11\/Logo-VM-International-bisher-Velberter-Mission-farbig-1-1024x678.png 1024w, https:\/\/www.thaimeansfree.com\/wp-content\/uploads\/2019\/11\/Logo-VM-International-bisher-Velberter-Mission-farbig-1-300x199.png 300w, https:\/\/www.thaimeansfree.com\/wp-content\/uploads\/2019\/11\/Logo-VM-International-bisher-Velberter-Mission-farbig-1-768x508.png 768w, https:\/\/www.thaimeansfree.com\/wp-content\/uploads\/2019\/11\/Logo-VM-International-bisher-Velberter-Mission-farbig-1-408x270.png 408w, https:\/\/www.thaimeansfree.com\/wp-content\/uploads\/2019\/11\/Logo-VM-International-bisher-Velberter-Mission-farbig-1.png 1502w\" sizes=\"(max-width: 1024px) 100vw, 1024px\" \/><\/figure><\/div>","protected":false},"excerpt":{"rendered":"<p>Mein Name ist Ina M\u00fcller und ich bin ausgebildete Lehrerin. Ich wurde von der VM-International als Missionarin ausgesandt. Ich arbeite im Team mit der lokalen Partnerstiftung &#8222;PenAsia&#8220; im S\u00fcden Thailands an der Grenze zu Malaysia. Der Schwerpunkt meiner Arbeit ist Menschen in ihren N\u00f6ten, Bed\u00fcrfnissen und Potential zu begegnen und ihnen Jesus vorzustellen. Ich begleite Frauen in schwierigen Verh\u00e4tlnissen und\u00a0 gebe jede Woche Englischunterricht f\u00fcr benachteiligte Kinder. Dar\u00fcberhinaus machen wir Pr\u00e4ventionsprojekte in Schulen, um sexuellen Missbrauch und Menschenhandel zu verhindern&#8230;.<\/p>\n<p class=\"read-more\"><a class=\"btn btn-default\" href=\"https:\/\/www.thaimeansfree.com\/\">Weiterlesen<span class=\"screen-reader-text\"> Weiterlesen<\/span><\/a><\/p>\n","protected":false},"author":1,"featured_media":0,"parent":0,"menu_order":0,"comment_status":"closed","ping_status":"closed","template":"","meta":{"content-type":"","footnotes":""},"_links":{"self":[{"href":"https:\/\/www.thaimeansfree.com\/index.php?rest_route=\/wp\/v2\/pages\/8"}],"collection":[{"href":"https:\/\/www.thaimeansfree.com\/index.php?rest_route=\/wp\/v2\/pages"}],"about":[{"href":"https:\/\/www.thaimeansfree.com\/index.php?rest_route=\/wp\/v2\/types\/page"}],"author":[{"embeddable":true,"href":"https:\/\/www.thaimeansfree.com\/index.php?rest_route=\/wp\/v2\/users\/1"}],"replies":[{"embeddable":true,"href":"https:\/\/www.thaimeansfree.com\/index.php?rest_route=%2Fwp%2Fv2%2Fcomments&post=8"}],"version-history":[{"count":36,"href":"https:\/\/www.thaimeansfree.com\/index.php?rest_route=\/wp\/v2\/pages\/8\/revisions"}],"predecessor-version":[{"id":397,"href":"https:\/\/www.thaimeansfree.com\/index.php?rest_route=\/wp\/v2\/pages\/8\/revisions\/397"}],"wp:attachment":[{"href":"https:\/\/www.thaimeansfree.com\/index.php?rest_route=%2Fwp%2Fv2%2Fmedia&parent=8"}],"curies":[{"name":"wp","href":"https:\/\/api.w.org\/{rel}","templated":true}]}}